{"id":1882,"date":"2020-04-26T14:23:39","date_gmt":"2020-04-26T14:23:39","guid":{"rendered":"https:\/\/lekker.qodeinteractive.com\/?page_id=1882"},"modified":"2025-01-22T17:23:18","modified_gmt":"2025-01-22T16:23:18","slug":"manifeste-boulangerie-brasserie-bruxelles","status":"publish","type":"page","link":"https:\/\/janine.brussels\/index.php\/manifeste-boulangerie-brasserie-bruxelles\/","title":{"rendered":"Le Projet"},"content":{"rendered":"\t\t<div data-elementor-type=\"wp-page\" data-elementor-id=\"1882\" class=\"elementor elementor-1882\" data-elementor-settings=\"[]\">\n\t\t\t\t\t\t\t<div class=\"elementor-section-wrap\">\n\t\t\t\t\t\t\t<section class=\"elementor-section elementor-top-section elementor-element elementor-element-bfa1754 elementor-section-full_width qodef-elementor-content-grid elementor-section-height-default elementor-section-height-default\" data-id=\"bfa1754\" data-element_type=\"section\">\n\t\t\t\t\t\t<div class=\"elementor-container elementor-column-gap-default\">\n\t\t\t\t\t<div class=\"elementor-column elementor-col-100 elementor-top-column elementor-element elementor-element-72e762e2\" data-id=\"72e762e2\" data-element_type=\"column\">\n\t\t\t<div class=\"elementor-widget-wrap elementor-element-populated\">\n\t\t\t\t\t\t\t\t<div class=\"elementor-element elementor-element-204710c9 elementor-widget elementor-widget-lekker_core_section_title\" data-id=\"204710c9\" data-element_type=\"widget\" data-widget_type=\"lekker_core_section_title.default\">\n\t\t\t\t<div class=\"elementor-widget-container\">\n\t\t\t<div class=\"qodef-shortcode qodef-m  qodef-section-title qodef-alignment--left  qodef-section-title--animated\">\n\t\t<h4 class=\"qodef-m-title\" style=\"color: #000000\">\n\t\t\t\t\tLe pain repr\u00e9sente 20% du gaspillage alimentaire en Belgique.\t\t\t<\/h4>\n\t<\/div>\t\t<\/div>\n\t\t\t\t<\/div>\n\t\t\t\t<div class=\"elementor-element elementor-element-5e1ad300 elementor-widget elementor-widget-lekker_core_section_title\" data-id=\"5e1ad300\" data-element_type=\"widget\" data-widget_type=\"lekker_core_section_title.default\">\n\t\t\t\t<div class=\"elementor-widget-container\">\n\t\t\t<div class=\"qodef-shortcode qodef-m  qodef-section-title qodef-alignment--left  qodef-section-title--animated\">\n\t\t<h1 class=\"qodef-m-title\" style=\"color: #000000\">\n\t\t\t\t\tLutter contre le gaspillage\t\t\t<\/h1>\n\t\t<p class=\"qodef-m-text\" style=\"margin-top: 27px;color: #000000\">C&#039;est le combat que m\u00e8ne Janine, \u00e0 son \u00e9chelle, qui lutte en r\u00e9introduisant les r\u00e9sidus de ses activit\u00e9s (invendus de pains, dr\u00eaches, levure de bi\u00e8re) dans ses cycles de production. Passionn\u00e9e par ces deux produits qui pr\u00e9sentent de nombreux points communs, Janine ne cesse d\u2019explorer leurs synergies pour proposer des produits \u00e0 la fois authentiques et atypiques.  <\/p>\n<\/div>\t\t<\/div>\n\t\t\t\t<\/div>\n\t\t\t\t<div class=\"elementor-element elementor-element-4bf35e3 elementor-widget elementor-widget-spacer\" data-id=\"4bf35e3\" data-element_type=\"widget\" data-widget_type=\"spacer.default\">\n\t\t\t\t<div class=\"elementor-widget-container\">\n\t\t\t\t\t<div class=\"elementor-spacer\">\n\t\t\t<div class=\"elementor-spacer-inner\"><\/div>\n\t\t<\/div>\n\t\t\t\t<\/div>\n\t\t\t\t<\/div>\n\t\t\t\t<div class=\"elementor-element elementor-element-6996f11 elementor-widget elementor-widget-image\" data-id=\"6996f11\" data-element_type=\"widget\" data-widget_type=\"image.default\">\n\t\t\t\t<div class=\"elementor-widget-container\">\n\t\t\t\t\t\t\t\t\t\t\t\t\t\t\t<img loading=\"lazy\" decoding=\"async\" width=\"1024\" height=\"1024\" src=\"https:\/\/janine.brussels\/wp-content\/uploads\/2021\/06\/janine-cycle-dreche-1024x1024.jpg\" class=\"attachment-large size-large\" alt=\"\" srcset=\"https:\/\/janine.brussels\/wp-content\/uploads\/2021\/06\/janine-cycle-dreche-1024x1024.jpg 1024w, https:\/\/janine.brussels\/wp-content\/uploads\/2021\/06\/janine-cycle-dreche-300x300.jpg 300w, https:\/\/janine.brussels\/wp-content\/uploads\/2021\/06\/janine-cycle-dreche-150x150.jpg 150w, https:\/\/janine.brussels\/wp-content\/uploads\/2021\/06\/janine-cycle-dreche-768x768.jpg 768w, https:\/\/janine.brussels\/wp-content\/uploads\/2021\/06\/janine-cycle-dreche-650x650.jpg 650w, https:\/\/janine.brussels\/wp-content\/uploads\/2021\/06\/janine-cycle-dreche.jpg 1200w\" sizes=\"auto, (max-width: 1024px) 100vw, 1024px\" \/>\t\t\t\t\t\t\t\t\t\t\t\t\t\t\t<\/div>\n\t\t\t\t<\/div>\n\t\t\t\t<div class=\"elementor-element elementor-element-56bff51 elementor-widget elementor-widget-text-editor\" data-id=\"56bff51\" data-element_type=\"widget\" data-widget_type=\"text-editor.default\">\n\t\t\t\t<div class=\"elementor-widget-container\">\n\t\t\t\t\t\t\t\t<h4>Nos produits, brassicoles et boulangers, sont 100% faits maison \u00e0 Bruxelles \u00e0 partir de mati\u00e8res premi\u00e8res que nous privil\u00e9gions locales et biologiques.<\/h4>\t\t\t\t\t\t<\/div>\n\t\t\t\t<\/div>\n\t\t\t\t\t<\/div>\n\t\t<\/div>\n\t\t\t\t\t\t\t<\/div>\n\t\t<\/section>\n\t\t\t\t<section class=\"elementor-section elementor-top-section elementor-element elementor-element-66c4339 elementor-section-full_width elementor-section-height-default elementor-section-height-default qodef-elementor-content-no\" data-id=\"66c4339\" data-element_type=\"section\">\n\t\t\t\t\t\t<div class=\"elementor-container elementor-column-gap-default\">\n\t\t\t\t\t<div class=\"elementor-column elementor-col-100 elementor-top-column elementor-element elementor-element-3c71bf8\" data-id=\"3c71bf8\" data-element_type=\"column\">\n\t\t\t<div class=\"elementor-widget-wrap elementor-element-populated\">\n\t\t\t\t\t\t\t\t<div class=\"elementor-element elementor-element-922615b elementor-widget elementor-widget-image\" data-id=\"922615b\" data-element_type=\"widget\" data-widget_type=\"image.default\">\n\t\t\t\t<div class=\"elementor-widget-container\">\n\t\t\t\t\t\t\t\t\t\t\t\t\t\t\t<img decoding=\"async\" src=\"https:\/\/janine.brussels\/wp-content\/uploads\/elementor\/thumbs\/janine-171_cycle-dre\u0302che-scaled-p82e2g94kujva4lb4g536orweclxz0k5vn8zdu2a0k.jpg\" title=\"janine-171_cycle-dre\u0302che\" alt=\"janine-171_cycle-dre\u0302che\" \/>\t\t\t\t\t\t\t\t\t\t\t\t\t\t\t<\/div>\n\t\t\t\t<\/div>\n\t\t\t\t\t<\/div>\n\t\t<\/div>\n\t\t\t\t\t\t\t<\/div>\n\t\t<\/section>\n\t\t\t\t<section class=\"elementor-section elementor-top-section elementor-element elementor-element-0bc0513 elementor-section-boxed elementor-section-height-default elementor-section-height-default qodef-elementor-content-no\" data-id=\"0bc0513\" data-element_type=\"section\">\n\t\t\t\t\t\t<div class=\"elementor-container elementor-column-gap-default\">\n\t\t\t\t\t<div class=\"elementor-column elementor-col-100 elementor-top-column elementor-element elementor-element-1f86ef7\" data-id=\"1f86ef7\" data-element_type=\"column\">\n\t\t\t<div class=\"elementor-widget-wrap elementor-element-populated\">\n\t\t\t\t\t\t\t\t<div class=\"elementor-element elementor-element-03b21bb elementor-widget elementor-widget-qi_addons_for_elementor_animated_text\" data-id=\"03b21bb\" data-element_type=\"widget\" data-widget_type=\"qi_addons_for_elementor_animated_text.default\">\n\t\t\t\t<div class=\"elementor-widget-container\">\n\t\t\t<div class=\"qodef-shortcode qodef-m  qodef-qi-animated-text  qodef--alignment-center qodef-qi--has-appear qodef--appear-from-bottom\">\n\t\t<h2 class=\"qodef-m-title\">\n\t\tJanine n'en perd pas une miette!\t<\/h2>\n<\/div>\n\t\t<\/div>\n\t\t\t\t<\/div>\n\t\t\t\t\t<\/div>\n\t\t<\/div>\n\t\t\t\t\t\t\t<\/div>\n\t\t<\/section>\n\t\t\t\t<section class=\"elementor-section elementor-top-section elementor-element elementor-element-bda8171 elementor-section-full_width qodef-elementor-content-grid elementor-section-height-default elementor-section-height-default\" data-id=\"bda8171\" data-element_type=\"section\" data-settings=\"{&quot;background_background&quot;:&quot;classic&quot;}\">\n\t\t\t\t\t\t<div class=\"elementor-container elementor-column-gap-default\">\n\t\t\t\t\t<div class=\"elementor-column elementor-col-50 elementor-top-column elementor-element elementor-element-4f694b2\" data-id=\"4f694b2\" data-element_type=\"column\">\n\t\t\t<div class=\"elementor-widget-wrap elementor-element-populated\">\n\t\t\t\t\t\t\t\t<div class=\"elementor-element elementor-element-b4d3948 elementor-widget elementor-widget-image\" data-id=\"b4d3948\" data-element_type=\"widget\" data-widget_type=\"image.default\">\n\t\t\t\t<div class=\"elementor-widget-container\">\n\t\t\t\t\t\t\t\t\t\t\t\t\t\t\t<img loading=\"lazy\" decoding=\"async\" width=\"1024\" height=\"1024\" src=\"https:\/\/janine.brussels\/wp-content\/uploads\/2021\/05\/janine-demarche-1x2-1-1024x1024.png\" class=\"attachment-large size-large\" alt=\"\" srcset=\"https:\/\/janine.brussels\/wp-content\/uploads\/2021\/05\/janine-demarche-1x2-1-1024x1024.png 1024w, https:\/\/janine.brussels\/wp-content\/uploads\/2021\/05\/janine-demarche-1x2-1-300x300.png 300w, https:\/\/janine.brussels\/wp-content\/uploads\/2021\/05\/janine-demarche-1x2-1-150x150.png 150w, https:\/\/janine.brussels\/wp-content\/uploads\/2021\/05\/janine-demarche-1x2-1-768x768.png 768w, https:\/\/janine.brussels\/wp-content\/uploads\/2021\/05\/janine-demarche-1x2-1-1536x1536.png 1536w, https:\/\/janine.brussels\/wp-content\/uploads\/2021\/05\/janine-demarche-1x2-1-650x650.png 650w, https:\/\/janine.brussels\/wp-content\/uploads\/2021\/05\/janine-demarche-1x2-1-1300x1300.png 1300w, https:\/\/janine.brussels\/wp-content\/uploads\/2021\/05\/janine-demarche-1x2-1.png 1800w\" sizes=\"auto, (max-width: 1024px) 100vw, 1024px\" \/>\t\t\t\t\t\t\t\t\t\t\t\t\t\t\t<\/div>\n\t\t\t\t<\/div>\n\t\t\t\t\t<\/div>\n\t\t<\/div>\n\t\t\t\t<div class=\"elementor-column elementor-col-50 elementor-top-column elementor-element elementor-element-2e986fa\" data-id=\"2e986fa\" data-element_type=\"column\">\n\t\t\t<div class=\"elementor-widget-wrap elementor-element-populated\">\n\t\t\t\t\t\t\t\t<div class=\"elementor-element elementor-element-79e805c elementor-widget__width-auto elementor-widget elementor-widget-qi_addons_for_elementor_counter\" data-id=\"79e805c\" data-element_type=\"widget\" data-widget_type=\"qi_addons_for_elementor_counter.default\">\n\t\t\t\t<div class=\"elementor-widget-container\">\n\t\t\t<div class=\"qodef-shortcode qodef-m  qodef-qi-counter qodef-layout--simple  \" data-end-digit=\"5150\" data-step-delay=\"-2\">\n\t<div class=\"qodef-m-digit-wrapper\">\n\t\t<div class=\"qodef-m-digit\"><\/div>\n\t<\/div>\n\t\t<div class=\"qodef-m-content\">\n\t\t\t<h4 class=\"qodef-m-title\">\n\t\tkilogrammes\t<\/h4>\n\t\t\t<div class=\"qodef-m-text\">\n\t\tde dr\u00eaches r\u00e9int\u00e9gr\u00e9es dans nos pains\t<\/div>\n\t<\/div>\n<\/div>\n\t\t<\/div>\n\t\t\t\t<\/div>\n\t\t\t\t<div class=\"elementor-element elementor-element-18a9259 elementor-widget elementor-widget-spacer\" data-id=\"18a9259\" data-element_type=\"widget\" data-widget_type=\"spacer.default\">\n\t\t\t\t<div class=\"elementor-widget-container\">\n\t\t\t\t\t<div class=\"elementor-spacer\">\n\t\t\t<div class=\"elementor-spacer-inner\"><\/div>\n\t\t<\/div>\n\t\t\t\t<\/div>\n\t\t\t\t<\/div>\n\t\t\t\t<div class=\"elementor-element elementor-element-9f248d9 elementor-widget elementor-widget-qi_addons_for_elementor_counter\" data-id=\"9f248d9\" data-element_type=\"widget\" data-widget_type=\"qi_addons_for_elementor_counter.default\">\n\t\t\t\t<div class=\"elementor-widget-container\">\n\t\t\t<div class=\"qodef-shortcode qodef-m  qodef-qi-counter qodef-layout--simple  \" data-end-digit=\"2131\" data-step-delay=\"-2\">\n\t<div class=\"qodef-m-digit-wrapper\">\n\t\t<div class=\"qodef-m-digit\"><\/div>\n\t<\/div>\n\t\t<div class=\"qodef-m-content\">\n\t\t\t<h4 class=\"qodef-m-title\">\n\t\tkilogrammes\t<\/h4>\n\t\t\t<div class=\"qodef-m-text\">\n\t\tde pain r\u00e9int\u00e9gr\u00e9 dans nos bi\u00e8res \t<\/div>\n\t<\/div>\n<\/div>\n\t\t<\/div>\n\t\t\t\t<\/div>\n\t\t\t\t\t<\/div>\n\t\t<\/div>\n\t\t\t\t\t\t\t<\/div>\n\t\t<\/section>\n\t\t\t\t<section class=\"elementor-section elementor-top-section elementor-element elementor-element-bd943fa elementor-section-boxed elementor-section-height-default elementor-section-height-default qodef-elementor-content-no\" data-id=\"bd943fa\" data-element_type=\"section\">\n\t\t\t\t\t\t<div class=\"elementor-container elementor-column-gap-default\">\n\t\t\t\t\t<div class=\"elementor-column elementor-col-50 elementor-top-column elementor-element elementor-element-3f03a2f\" data-id=\"3f03a2f\" data-element_type=\"column\">\n\t\t\t<div class=\"elementor-widget-wrap elementor-element-populated\">\n\t\t\t\t\t\t\t\t<div class=\"elementor-element elementor-element-705954c elementor-widget__width-inherit elementor-widget elementor-widget-qi_addons_for_elementor_animated_text\" data-id=\"705954c\" data-element_type=\"widget\" data-widget_type=\"qi_addons_for_elementor_animated_text.default\">\n\t\t\t\t<div class=\"elementor-widget-container\">\n\t\t\t<div class=\"qodef-shortcode qodef-m  qodef-qi-animated-text qodef--animated-by-letter qodef--alignment-left qodef-qi--has-appear qodef--appear-from-bottom\">\n\t\t<h2 class=\"qodef-m-title\">\n\t\t<span class=\"qodef-e-word-holder\">Une<\/span> <span class=\"qodef-e-word-holder\">bi\u00e8re<\/span> <span class=\"qodef-e-word-holder\">de<\/span> <span class=\"qodef-e-word-holder\">33<\/span> <span class=\"qodef-e-word-holder\">cl<\/span>\t<\/h2>\n<\/div>\n\t\t<\/div>\n\t\t\t\t<\/div>\n\t\t\t\t<div class=\"elementor-element elementor-element-8b92991 elementor-widget elementor-widget-qi_addons_for_elementor_animated_text\" data-id=\"8b92991\" data-element_type=\"widget\" data-widget_type=\"qi_addons_for_elementor_animated_text.default\">\n\t\t\t\t<div class=\"elementor-widget-container\">\n\t\t\t<div class=\"qodef-shortcode qodef-m  qodef-qi-animated-text qodef--animated-by-letter qodef--alignment-left qodef-qi--has-appear qodef--appear-from-bottom\">\n\t\t<h5 class=\"qodef-m-title\">\n\t\t<span class=\"qodef-e-word-holder\">=<\/span> <span class=\"qodef-e-word-holder\">une<\/span> <span class=\"qodef-e-word-holder\">tranche<\/span> <span class=\"qodef-e-word-holder\">de<\/span> <span class=\"qodef-e-word-holder\">pain<\/span>\t<\/h5>\n<\/div>\n\t\t<\/div>\n\t\t\t\t<\/div>\n\t\t\t\t\t<\/div>\n\t\t<\/div>\n\t\t\t\t<div class=\"elementor-column elementor-col-50 elementor-top-column elementor-element elementor-element-a077b44\" data-id=\"a077b44\" data-element_type=\"column\">\n\t\t\t<div class=\"elementor-widget-wrap elementor-element-populated\">\n\t\t\t\t\t\t\t\t<div class=\"elementor-element elementor-element-0dae96d elementor-widget__width-inherit elementor-widget elementor-widget-qi_addons_for_elementor_animated_text\" data-id=\"0dae96d\" data-element_type=\"widget\" data-widget_type=\"qi_addons_for_elementor_animated_text.default\">\n\t\t\t\t<div class=\"elementor-widget-container\">\n\t\t\t<div class=\"qodef-shortcode qodef-m  qodef-qi-animated-text qodef--animated-by-letter qodef--alignment-left qodef-qi--has-appear qodef--appear-from-bottom\">\n\t\t<h2 class=\"qodef-m-title\">\n\t\t<span class=\"qodef-e-word-holder\">Un<\/span> <span class=\"qodef-e-word-holder\">pain<\/span>\t<\/h2>\n<\/div>\n\t\t<\/div>\n\t\t\t\t<\/div>\n\t\t\t\t<div class=\"elementor-element elementor-element-f43d9a2 elementor-widget elementor-widget-qi_addons_for_elementor_animated_text\" data-id=\"f43d9a2\" data-element_type=\"widget\" data-widget_type=\"qi_addons_for_elementor_animated_text.default\">\n\t\t\t\t<div class=\"elementor-widget-container\">\n\t\t\t<div class=\"qodef-shortcode qodef-m  qodef-qi-animated-text qodef--animated-by-letter qodef--alignment-left qodef-qi--has-appear qodef--appear-from-bottom\">\n\t\t<h4 class=\"qodef-m-title\">\n\t\t<span class=\"qodef-e-word-holder\">=<\/span> <span class=\"qodef-e-word-holder\">les<\/span> <span class=\"qodef-e-word-holder\">dr\u00eaches<\/span> <span class=\"qodef-e-word-holder\">de<\/span> <span class=\"qodef-e-word-holder\">2<\/span> <span class=\"qodef-e-word-holder\">bi\u00e8res<\/span> <span class=\"qodef-e-word-holder\">33<\/span> <span class=\"qodef-e-word-holder\">cl<\/span>\t<\/h4>\n<\/div>\n\t\t<\/div>\n\t\t\t\t<\/div>\n\t\t\t\t\t<\/div>\n\t\t<\/div>\n\t\t\t\t\t\t\t<\/div>\n\t\t<\/section>\n\t\t\t\t<section class=\"elementor-section elementor-top-section elementor-element elementor-element-16f8fc6 elementor-section-boxed elementor-section-height-default elementor-section-height-default qodef-elementor-content-no\" data-id=\"16f8fc6\" data-element_type=\"section\">\n\t\t\t\t\t\t<div class=\"elementor-container elementor-column-gap-default\">\n\t\t\t\t\t<div class=\"elementor-column elementor-col-100 elementor-top-column elementor-element elementor-element-4f496d9\" data-id=\"4f496d9\" data-element_type=\"column\">\n\t\t\t<div class=\"elementor-widget-wrap elementor-element-populated\">\n\t\t\t\t\t\t\t\t<div class=\"elementor-element elementor-element-e43ac47 elementor-widget elementor-widget-spacer\" data-id=\"e43ac47\" data-element_type=\"widget\" data-widget_type=\"spacer.default\">\n\t\t\t\t<div class=\"elementor-widget-container\">\n\t\t\t\t\t<div class=\"elementor-spacer\">\n\t\t\t<div class=\"elementor-spacer-inner\"><\/div>\n\t\t<\/div>\n\t\t\t\t<\/div>\n\t\t\t\t<\/div>\n\t\t\t\t\t<\/div>\n\t\t<\/div>\n\t\t\t\t\t\t\t<\/div>\n\t\t<\/section>\n\t\t\t\t\t\t<\/div>\n\t\t\t\t\t<\/div>\n\t\t","protected":false},"excerpt":{"rendered":"<p>Le pain repr\u00e9sente 20% du gaspillage alimentaire en Belgique. Lutter contre le gaspillage C&#039;est le combat que m\u00e8ne Janine, \u00e0 son \u00e9chelle, qui lutte en r\u00e9introduisant les r\u00e9sidus de ses activit\u00e9s (invendus de pains, dr\u00eaches, levure de bi\u00e8re) dans ses cycles de production. Passionn\u00e9e par ces deux produits qui pr\u00e9sentent de nombreux points communs, Janine [&hellip;]<\/p>\n","protected":false},"author":1,"featured_media":0,"parent":0,"menu_order":0,"comment_status":"closed","ping_status":"closed","template":"page-full-width.php","meta":{"footnotes":""},"class_list":["post-1882","page","type-page","status-publish","hentry"],"_links":{"self":[{"href":"https:\/\/janine.brussels\/index.php\/wp-json\/wp\/v2\/pages\/1882","targetHints":{"allow":["GET"]}}],"collection":[{"href":"https:\/\/janine.brussels\/index.php\/wp-json\/wp\/v2\/pages"}],"about":[{"href":"https:\/\/janine.brussels\/index.php\/wp-json\/wp\/v2\/types\/page"}],"author":[{"embeddable":true,"href":"https:\/\/janine.brussels\/index.php\/wp-json\/wp\/v2\/users\/1"}],"replies":[{"embeddable":true,"href":"https:\/\/janine.brussels\/index.php\/wp-json\/wp\/v2\/comments?post=1882"}],"version-history":[{"count":179,"href":"https:\/\/janine.brussels\/index.php\/wp-json\/wp\/v2\/pages\/1882\/revisions"}],"predecessor-version":[{"id":5969,"href":"https:\/\/janine.brussels\/index.php\/wp-json\/wp\/v2\/pages\/1882\/revisions\/5969"}],"wp:attachment":[{"href":"https:\/\/janine.brussels\/index.php\/wp-json\/wp\/v2\/media?parent=1882"}],"curies":[{"name":"wp","href":"https:\/\/api.w.org\/{rel}","templated":true}]}}