{"id":3,"date":"2021-04-27T16:07:18","date_gmt":"2021-04-27T14:07:18","guid":{"rendered":"http:\/\/janine.brussels\/?page_id=3"},"modified":"2021-05-24T17:19:16","modified_gmt":"2021-05-24T15:19:16","slug":"mentions-legales","status":"publish","type":"page","link":"https:\/\/janine.brussels\/index.php\/mentions-legales\/","title":{"rendered":"Mentions L\u00e9gales"},"content":{"rendered":"\t\t<div data-elementor-type=\"wp-page\" data-elementor-id=\"3\" class=\"elementor elementor-3\" data-elementor-settings=\"[]\">\n\t\t\t\t\t\t\t<div class=\"elementor-section-wrap\">\n\t\t\t\t\t\t\t<section class=\"elementor-section elementor-top-section elementor-element elementor-element-60d01d0e elementor-section-boxed elementor-section-height-default elementor-section-height-default qodef-elementor-content-no\" data-id=\"60d01d0e\" data-element_type=\"section\">\n\t\t\t\t\t\t<div class=\"elementor-container elementor-column-gap-default\">\n\t\t\t\t\t<div class=\"elementor-column elementor-col-100 elementor-top-column elementor-element elementor-element-1cf8807e\" data-id=\"1cf8807e\" data-element_type=\"column\">\n\t\t\t<div class=\"elementor-widget-wrap elementor-element-populated\">\n\t\t\t\t\t\t\t\t<div class=\"elementor-element elementor-element-58e2c2b4 elementor-widget elementor-widget-text-editor\" data-id=\"58e2c2b4\" data-element_type=\"widget\" data-widget_type=\"text-editor.default\">\n\t\t\t\t<div class=\"elementor-widget-container\">\n\t\t\t\t\t\t\t\t<!-- wp:heading -->\n<h2>01.<br \/>Informations g\u00e9n\u00e9rales<\/h2>\n<!-- \/wp:heading --><!-- wp:paragraph --><!-- \/wp:heading --><!-- wp:heading {\"level\":3} -->\n<p class=\"p1\"><span class=\"s1\"><b>IDENTIFICATION<br \/><\/b>Raison sociale : JANINE<br \/>Adresse du si\u00e8ge social : Chauss\u00e9e de Forest 238, 1060 Saint-Gilles, BELGIQUE<br \/>Contact : <a href=\"mailto:contact@janine.brussels\"><span class=\"highlight author-d-1gg9uz65z1iz85zgdz68zmqkz84zo2qovvlz122zrz70zoz65zz79zfz86z584z73zz71z4z81z6z80z9z79zz85zz68zz89zjhz81zz65zrz72zo\" data-highlight-color=\"#D6E8FA\">contac[at]janine.brussels<\/span><\/a><br \/>Site internet :\u00a0<a href=\"http:\/\/janine.brussels\" target=\"_blank\" rel=\"noopener\">janine.brussels<\/a><br \/>Num\u00e9ro de TVA : BE 0750.948.264<br \/><br \/><strong>H\u00c9BERGEMENT<\/strong><br \/>OVH<br \/>SAS au capital de 10 069 020 \u20ac<br \/>RCS Lille M\u00e9tropole 424 761 419 00045<br \/>Code APE 2620Z<br \/>N\u00b0 TVA : FR 22 424 761 419<br \/>Si\u00e8ge social : 2 rue Kellermann \u2013 59100 Roubaix \u2013 France<br \/><br \/><b><\/b><\/span><\/p>\n<p class=\"p1\"><span class=\"s1\"><b>CR\u00c9DITS<br \/><\/b>Illustrations, <a href=\"https:\/\/instagram.com\/francois.fdc?utm_medium=copy_link\" target=\"_blank\" rel=\"noopener\">FDC Drawings<\/a><br \/>Design, conception et d\u00e9veloppement :\u00a0<a href=\"http:\/\/www.lescravatesroses.com\" target=\"_blank\" rel=\"noopener\">Les Cravates Roses \u2013 studio de design<\/a><b><br \/><\/b><\/span><\/p>\n<h3>\u00a0<\/h3>\n<!-- \/wp:heading -->\t\t\t\t\t\t<\/div>\n\t\t\t\t<\/div>\n\t\t\t\t\t<\/div>\n\t\t<\/div>\n\t\t\t\t\t\t\t<\/div>\n\t\t<\/section>\n\t\t\t\t<section class=\"elementor-section elementor-top-section elementor-element elementor-element-ec63a82 elementor-section-boxed elementor-section-height-default elementor-section-height-default qodef-elementor-content-no\" data-id=\"ec63a82\" data-element_type=\"section\">\n\t\t\t\t\t\t<div class=\"elementor-container elementor-column-gap-default\">\n\t\t\t\t\t<div class=\"elementor-column elementor-col-100 elementor-top-column elementor-element elementor-element-9855ac8\" data-id=\"9855ac8\" data-element_type=\"column\">\n\t\t\t<div class=\"elementor-widget-wrap elementor-element-populated\">\n\t\t\t\t\t\t\t\t<div class=\"elementor-element elementor-element-6352d62 elementor-widget elementor-widget-text-editor\" data-id=\"6352d62\" data-element_type=\"widget\" data-widget_type=\"text-editor.default\">\n\t\t\t\t<div class=\"elementor-widget-container\">\n\t\t\t\t\t\t\t\t<!-- wp:heading -->\n<h2>02.<br \/>Conditions d&rsquo;utilisations<\/h2>\n<!-- \/wp:heading --><!-- wp:paragraph --><!-- \/wp:heading --><!-- wp:heading {\"level\":3} -->\n<p><strong>G\u00c9N\u00c9RALIT\u00c9S<\/strong><\/p>\n<p>Ce site\u00a0<a href=\"http:\/\/janine.brussels\" target=\"_blank\" rel=\"noopener\">janine.brussels<\/a> est propos\u00e9 en diff\u00e9rents langages web (HTML, HTML5, Javascript, CSS, etc\u2026) pour un meilleur confort d\u2019utilisation et un graphisme plus agr\u00e9able, nous vous recommandons de recourir \u00e0 des navigateurs modernes comme Internet explorer, Safari, Firefox, Google Chrome, etc\u2026<br \/>Janine met en \u0153uvre tous les moyens dont elle disposent, pour assurer une information fiable et une mise \u00e0 jour fiable de ses sites internet. Toutefois, des erreurs ou omissions peuvent survenir. L\u2019internaute devra donc s\u2019assurer de l\u2019exactitude des informations aupr\u00e8s de\u00a0Janine et signaler toutes modifications du site qu\u2019il jugerait utile. Janine n\u2019est en aucun cas responsable de l\u2019utilisation faite de ces informations, et de tout pr\u00e9judice direct ou indirect pouvant en d\u00e9couler.<\/p>\n<p><br \/><strong>COOKIES<\/strong><br \/>Le site <a href=\"http:\/\/janine.brussels\" target=\"_blank\" rel=\"noopener\">janine.brussels<\/a> peut-\u00eatre amen\u00e9 \u00e0 vous demander l\u2019acceptation des cookies pour des besoins de statistiques et d\u2019affichage. Un cookies est une information d\u00e9pos\u00e9e sur votre disque dur par le serveur du site que vous visitez. Il contient plusieurs donn\u00e9es qui sont stock\u00e9es sur votre ordinateur dans un simple fichier texte auquel un serveur acc\u00e8de pour lire et enregistrer des informations. Certaines parties de ce site ne peuvent \u00eatre fonctionnelles sans l\u2019acceptation de cookies.<br \/>Liens hypertextes : Les sites internet de peuvent offrir des liens vers d\u2019autres sites internet ou d\u2019autres ressources disponibles sur Internet.\u00a0Janine ne dispose d\u2019aucun moyen pour contr\u00f4ler les sites en connexion avec ses sites internet. ne r\u00e9pond pas de la disponibilit\u00e9 de tels sites et sources externes, ni ne la garantit. Elle ne peut \u00eatre tenue pour responsable de tout dommage, de quelque nature que ce soit, r\u00e9sultant du contenu de ces sites ou sources externes, et notamment des informations, produits ou services qu\u2019ils proposent, ou de tout usage qui peut \u00eatre fait de ces \u00e9l\u00e9ments. Les risques li\u00e9s \u00e0 cette utilisation incombent pleinement \u00e0 l\u2019internaute, qui doit se conformer \u00e0 leurs conditions d\u2019utilisation.<br \/><br \/><\/p>\n<p><strong>SERVICES FOURNIS<br \/><\/strong>L\u2019ensemble des activit\u00e9s de la soci\u00e9t\u00e9 ainsi que ses informations sont pr\u00e9sent\u00e9es sur notre site <a href=\"http:\/\/janine.brussels\" target=\"_blank\" rel=\"noopener\">janine.brussels<\/a><br \/>Les renseignements figurant sur le site <a href=\"http:\/\/janine.brussels\" target=\"_blank\" rel=\"noopener\">janine.brussels<\/a> ne sont pas exhaustifs et les photos non contractuelles. Ils sont donn\u00e9s sous r\u00e9serve de modifications ayant \u00e9t\u00e9 apport\u00e9es depuis leur mise en ligne. Par ailleurs, toutes les informations indiqu\u00e9es sur le site <a href=\"http:\/\/janine.brussels\" target=\"_blank\" rel=\"noopener\">janine.brussels<\/a> sont donn\u00e9es \u00e0 titre indicatif, et sont susceptibles de changer ou d\u2019\u00e9voluer sans pr\u00e9avis.<br \/><br \/><strong>LIMITATIONS CONTRACTUELLES SUR LES DONN\u00c9ES<\/strong><br \/>Les informations contenues sur ce site sont aussi pr\u00e9cises que possible et le site remis \u00e0 jour \u00e0 diff\u00e9rentes p\u00e9riodes de l\u2019ann\u00e9e, mais peut toutefois contenir des inexactitudes ou des omissions. Si vous constatez une lacune, erreur ou ce qui parait \u00eatre un dysfonctionnement, merci de bien vouloir le signaler par le formulaire de contact disponible sur le site <a href=\"http:\/\/janine.brussels\" target=\"_blank\" rel=\"noopener\">janine.brussels<\/a> en d\u00e9crivant le probl\u00e8me de la mani\u00e8re la plus pr\u00e9cise possible (page posant probl\u00e8me, type d\u2019ordinateur et de navigateur utilis\u00e9, \u2026).<br \/>Tout contenu t\u00e9l\u00e9charg\u00e9 se fait aux risques et p\u00e9rils de l\u2019utilisateur et sous sa seule responsabilit\u00e9. En cons\u00e9quence, ne saurait \u00eatre tenu responsable d\u2019un quelconque dommage subi par l\u2019ordinateur de l\u2019utilisateur ou d\u2019une quelconque perte de donn\u00e9es cons\u00e9cutives au t\u00e9l\u00e9chargement. De plus, l\u2019utilisateur du site s\u2019engage \u00e0 acc\u00e9der au site en utilisant un mat\u00e9riel r\u00e9cent, ne contenant pas de virus et avec un navigateur de derni\u00e8re g\u00e9n\u00e9ration mis-\u00e0-jour.<br \/>Les liens hypertextes mis en place dans le cadre du pr\u00e9sent site internet en direction d\u2019autres ressources pr\u00e9sentes sur le r\u00e9seau Internet ne sauraient engager la responsabilit\u00e9 de Janine.<br \/><br \/><strong>PROPRI\u00c9T\u00c9\u00a0INTELLECTUELLES<\/strong><br \/>Tout le contenu du pr\u00e9sent site <a href=\"http:\/\/janine.brussels\" target=\"_blank\" rel=\"noopener\">janine.brussels<\/a>, incluant, de fa\u00e7on non limitative, les graphismes, images, textes, vid\u00e9os, animations, sons, logos, gifs et ic\u00f4nes ainsi que leur mise en forme sont la propri\u00e9t\u00e9 exclusive de la soci\u00e9t\u00e9 \u00e0 l\u2019exception des marques, logos ou contenus appartenant \u00e0 d\u2019autres soci\u00e9t\u00e9s partenaires ou auteurs.<br \/>Toute reproduction, distribution, modification, adaptation, retransmission ou publication, m\u00eame partielle, de ces diff\u00e9rents \u00e9l\u00e9ments est strictement interdite sans l\u2019accord expr\u00e8s par \u00e9crit des\u00a0<a href=\"http:\/\/www.lescravatesroses.com\" target=\"_blank\" rel=\"noopener\">Les Cravates Roses \u2013 studio de design<\/a>. Cette repr\u00e9sentation ou reproduction, par quelque proc\u00e9d\u00e9 que ce soit, constitue une contrefa\u00e7on sanctionn\u00e9e par les articles L.335-2 et suivants du Code de la propri\u00e9t\u00e9 intellectuelle. Le non-respect de cette interdiction constitue une contrefa\u00e7on pouvant engager la responsabilit\u00e9 civile et p\u00e9nale du contrefacteur. En outre, les propri\u00e9taires des Contenus copi\u00e9s pourraient intenter une action en justice \u00e0 votre encontre.<br \/><br \/><strong>LITIGES<\/strong><br \/>Les pr\u00e9sentes conditions du site <a href=\"http:\/\/janine.brussels\" target=\"_blank\" rel=\"noopener\">janine.brussels<\/a>, sont r\u00e9gies par les lois belges et toute contestation ou litiges qui pourraient na\u00eetre de l\u2019interpr\u00e9tation ou de l\u2019ex\u00e9cution de celles-ci seront de la comp\u00e9tence exclusive des tribunaux dont d\u00e9pend le si\u00e8ge social de la soci\u00e9t\u00e9. La langue de r\u00e9f\u00e9rence, pour le r\u00e8glement de contentieux \u00e9ventuels, est le fran\u00e7ais.<\/p>\n<!-- \/wp:heading -->\t\t\t\t\t\t<\/div>\n\t\t\t\t<\/div>\n\t\t\t\t<div class=\"elementor-element elementor-element-ed506e4 elementor-widget elementor-widget-text-editor\" data-id=\"ed506e4\" data-element_type=\"widget\" data-widget_type=\"text-editor.default\">\n\t\t\t\t<div class=\"elementor-widget-container\">\n\t\t\t\t\t\t\t\t<!-- wp:heading -->\n<h2>03.<br \/>Donn\u00e9es personnelles<\/h2>\n<!-- \/wp:heading --><!-- wp:paragraph --><!-- \/wp:heading --><!-- wp:heading {\"level\":3} -->\n<p>De mani\u00e8re g\u00e9n\u00e9rale, vous n\u2019\u00eates pas tenu de nous communiquer vos donn\u00e9es personnelles lorsque vous visitez notre site Internet\u00a0<a href=\"http:\/\/janine.brussels\" target=\"_blank\" rel=\"noopener\">janine.brussels<\/a>.<br \/>Cependant, ce principe comporte certaines exceptions. <br \/>Dans tous les cas, vous pouvez refuser de fournir vos donn\u00e9es personnelles. Dans ce cas, vous ne pourrez pas utiliser les services du site, notamment celui de solliciter des renseignements sur notre soci\u00e9t\u00e9, ou de recevoir les lettres d\u2019information.<br \/>Enfin, nous pouvons collecter de mani\u00e8re automatique certaines informations vous concernant lors d\u2019une simple navigation sur notre site Internet, notamment : des informations concernant l\u2019utilisation de notre site, comme les zones que vous visitez et les services auxquels vous acc\u00e9dez, votre adresse IP, le type de votre navigateur, vos temps d\u2019acc\u00e8s.<br \/>De telles informations sont utilis\u00e9es exclusivement \u00e0 des fins de statistiques internes, de mani\u00e8re \u00e0 am\u00e9liorer la qualit\u00e9 des services qui vous sont propos\u00e9s. Les bases de donn\u00e9es sont prot\u00e9g\u00e9es par les dispositions de la loi du 1er juillet 1998 transposant la directive 96\/9 du 11 mars 1996 relative \u00e0 la protection juridique des bases de donn\u00e9es.<\/p>\n<!-- \/wp:heading -->\t\t\t\t\t\t<\/div>\n\t\t\t\t<\/div>\n\t\t\t\t\t<\/div>\n\t\t<\/div>\n\t\t\t\t\t\t\t<\/div>\n\t\t<\/section>\n\t\t\t\t\t\t<\/div>\n\t\t\t\t\t<\/div>\n\t\t","protected":false},"excerpt":{"rendered":"<p>01.Informations g\u00e9n\u00e9rales IDENTIFICATIONRaison sociale : JANINEAdresse du si\u00e8ge social : Chauss\u00e9e de Forest 238, 1060 Saint-Gilles, BELGIQUEContact : contac[at]janine.brusselsSite internet :\u00a0janine.brusselsNum\u00e9ro de TVA : BE 0750.948.264 H\u00c9BERGEMENTOVHSAS au capital de 10 069 020 \u20acRCS Lille M\u00e9tropole 424 761 419 00045Code APE 2620ZN\u00b0 TVA : FR 22 424 761 419Si\u00e8ge social : 2 rue Kellermann \u2013 [&hellip;]<\/p>\n","protected":false},"author":1,"featured_media":0,"parent":0,"menu_order":0,"comment_status":"closed","ping_status":"open","template":"page-full-width.php","meta":{"footnotes":""},"class_list":["post-3","page","type-page","status-publish","hentry"],"_links":{"self":[{"href":"https:\/\/janine.brussels\/index.php\/wp-json\/wp\/v2\/pages\/3","targetHints":{"allow":["GET"]}}],"collection":[{"href":"https:\/\/janine.brussels\/index.php\/wp-json\/wp\/v2\/pages"}],"about":[{"href":"https:\/\/janine.brussels\/index.php\/wp-json\/wp\/v2\/types\/page"}],"author":[{"embeddable":true,"href":"https:\/\/janine.brussels\/index.php\/wp-json\/wp\/v2\/users\/1"}],"replies":[{"embeddable":true,"href":"https:\/\/janine.brussels\/index.php\/wp-json\/wp\/v2\/comments?post=3"}],"version-history":[{"count":9,"href":"https:\/\/janine.brussels\/index.php\/wp-json\/wp\/v2\/pages\/3\/revisions"}],"predecessor-version":[{"id":5817,"href":"https:\/\/janine.brussels\/index.php\/wp-json\/wp\/v2\/pages\/3\/revisions\/5817"}],"wp:attachment":[{"href":"https:\/\/janine.brussels\/index.php\/wp-json\/wp\/v2\/media?parent=3"}],"curies":[{"name":"wp","href":"https:\/\/api.w.org\/{rel}","templated":true}]}}